{"id":859,"date":"2019-11-21T17:08:19","date_gmt":"2019-11-21T17:08:19","guid":{"rendered":"https:\/\/masszazsfotel.hu\/premium-masszazsfotelek-kapcsolat\/"},"modified":"2026-04-29T19:54:12","modified_gmt":"2026-04-29T19:54:12","slug":"contact-us","status":"publish","type":"page","link":"https:\/\/masszazsfotel.hu\/en\/contact-us\/","title":{"rendered":"Contact us"},"content":{"rendered":"<div id='home-slider'  class='avia-fullwidth-slider main_color avia-shadow   avia-builder-el-0  el_before_av_section  avia-builder-el-first   container_wrap fullsize'  >\n<style type=\"text\/css\" data-created_by=\"avia_inline_auto\" id=\"style-css-av-k373w68x-8a40bfb831684c41e5463a1d712db1ff\">\n#top #wrap_all .avia-slideshow .av-slideshow-caption.av-k373w68x-8a40bfb831684c41e5463a1d712db1ff__0 .avia-caption-title{\nfont-size:46px;\n}\n<\/style>\n<div  class='avia-slideshow av-k373w68x-8a40bfb831684c41e5463a1d712db1ff avia-slideshow-no scaling av_slideshow_full avia-slide-slider av-slideshow-ui av-control-default av-slideshow-manual av-loop-once av-loop-manual-endless av-default-height-applied   avia-slideshow-1' data-slideshow-options=\"{&quot;animation&quot;:&quot;slide&quot;,&quot;autoplay&quot;:false,&quot;loop_autoplay&quot;:&quot;once&quot;,&quot;interval&quot;:5,&quot;loop_manual&quot;:&quot;manual-endless&quot;,&quot;autoplay_stopper&quot;:false,&quot;noNavigation&quot;:false,&quot;bg_slider&quot;:false,&quot;keep_padding&quot;:false,&quot;hoverpause&quot;:false,&quot;show_slide_delay&quot;:0}\"  itemprop=\"image\" itemscope=\"itemscope\" itemtype=\"https:\/\/schema.org\/ImageObject\" ><ul class='avia-slideshow-inner ' style='padding-bottom: 37.011380504701%;'><li  class='avia-slideshow-slide av-k373w68x-8a40bfb831684c41e5463a1d712db1ff__0  av-single-slide slide-1 slide-odd'><div data-rel='slideshow-1' class='avia-slide-wrap '   ><div class='av-slideshow-caption av-k373w68x-8a40bfb831684c41e5463a1d712db1ff__0 caption_fullwidth caption_center'><div class=\"container caption_container\"><div class=\"slideshow_caption\"><div class=\"slideshow_inner_caption\"><div class=\"slideshow_align_caption\"><h1 class='avia-caption-title '  itemprop=\"name\" >Pr\u00f3b\u00e1lja ki szem\u00e9lyesen massz\u00e1zsfoteleinket!<\/h1><\/div><\/div><\/div><\/div><\/div><img fetchpriority=\"high\" class=\"wp-image-5624 avia-img-lazy-loading-not-5624\"  src='https:\/\/masszazsfotel.hu\/wp-content\/uploads\/2025\/11\/ultron_boritokep.jpg' width='2021' height='748' title='ultron_boritokep' alt=''  itemprop=\"thumbnailUrl\"   \/><div class='av-section-color-overlay' style='opacity: 0.2; background-color: #000000; '><\/div><\/div><\/li><\/ul><\/div><\/div>\n<div id='home-articles'  class='avia-section av-2qrvv-47d2bc4e915e541afbcc551f4715a131 main_color avia-section-default avia-no-border-styling  avia-builder-el-1  el_after_av_slideshow_full  el_before_av_google_map  avia-bg-style-scroll container_wrap fullsize'  ><div class='container av-section-cont-open' ><div class='template-page content  av-content-full alpha units'><div class='post-entry post-entry-type-page post-entry-859'><div class='entry-content-wrapper clearfix'>\n\n<style type=\"text\/css\" data-created_by=\"avia_inline_auto\" id=\"style-css-av-20vv3-292727e2a2431bc10410d810ed2e5a21\">\n.flex_column.av-20vv3-292727e2a2431bc10410d810ed2e5a21{\nborder-radius:0px 0px 0px 0px;\npadding:0px 0px 0px 0px;\n}\n<\/style>\n<div  class='flex_column av-20vv3-292727e2a2431bc10410d810ed2e5a21 av_one_half  avia-builder-el-2  el_before_av_one_half  avia-builder-el-first  first flex_column_div av-zero-column-padding  '     ><p>\n<style type=\"text\/css\" data-created_by=\"avia_inline_auto\" id=\"style-css-av-8zjhv-c9218649e216ae095a887d02e4ad1716\">\n#top .av-special-heading.av-8zjhv-c9218649e216ae095a887d02e4ad1716{\npadding-bottom:10px;\nfont-size:32px;\n}\nbody .av-special-heading.av-8zjhv-c9218649e216ae095a887d02e4ad1716 .av-special-heading-tag .heading-char{\nfont-size:25px;\n}\n#top #wrap_all .av-special-heading.av-8zjhv-c9218649e216ae095a887d02e4ad1716 .av-special-heading-tag{\nfont-size:32px;\n}\n.av-special-heading.av-8zjhv-c9218649e216ae095a887d02e4ad1716 .av-subheading{\nfont-size:23px;\n}\n\n@media only screen and (min-width: 480px) and (max-width: 767px){ \n#top #wrap_all .av-special-heading.av-8zjhv-c9218649e216ae095a887d02e4ad1716 .av-special-heading-tag{\nfont-size:0.8em;\n}\n}\n\n@media only screen and (max-width: 479px){ \n#top #wrap_all .av-special-heading.av-8zjhv-c9218649e216ae095a887d02e4ad1716 .av-special-heading-tag{\nfont-size:0.8em;\n}\n}\n<\/style>\n<div  class='av-special-heading av-8zjhv-c9218649e216ae095a887d02e4ad1716 av-special-heading-h2 blockquote modern-quote  avia-builder-el-3  el_before_av_textblock  avia-builder-el-first  av-inherit-size'><h2 class='av-special-heading-tag '  itemprop=\"headline\"  >Vegye fel vel\u00fcnk a kapcsolatot \u00e9s l\u00e1togasson el bemutat\u00f3term\u00fcnkbe!<\/h2><div class='av-subheading av-subheading_below'><p>\u00cdrjon nek\u00fcnk \u00e9s felvessz\u00fck \u00d6nnel a kapcsolatot:<\/p>\n<\/div><div class=\"special-heading-border\"><div class=\"special-heading-inner-border\"><\/div><\/div><\/div><br \/>\n<section  class='av_textblock_section av-k379vw9r-f3185b46b0e6f0da46d105820d67912a '   itemscope=\"itemscope\" itemtype=\"https:\/\/schema.org\/CreativeWork\" ><div class='avia_textblock'  itemprop=\"text\" >\n<div class=\"wpcf7 no-js\" id=\"wpcf7-f359-o1\" lang=\"hu-HU\" dir=\"ltr\" data-wpcf7-id=\"359\">\n<div class=\"screen-reader-response\"><p role=\"status\" aria-live=\"polite\" aria-atomic=\"true\"><\/p> <ul><\/ul><\/div>\n<form action=\"\/en\/wp-json\/wp\/v2\/pages\/859#wpcf7-f359-o1\" method=\"post\" class=\"wpcf7-form init\" aria-label=\"Kapcsolatfelv\u00e9teli \u0171rlap\" novalidate=\"novalidate\" data-status=\"init\">\n<fieldset class=\"hidden-fields-container\"><input type=\"hidden\" name=\"_wpcf7\" value=\"359\" \/><input type=\"hidden\" name=\"_wpcf7_version\" value=\"6.1.4\" \/><input type=\"hidden\" name=\"_wpcf7_locale\" value=\"hu_HU\" \/><input type=\"hidden\" name=\"_wpcf7_unit_tag\" value=\"wpcf7-f359-o1\" \/><input type=\"hidden\" name=\"_wpcf7_container_post\" value=\"0\" \/><input type=\"hidden\" name=\"_wpcf7_posted_data_hash\" value=\"\" \/><input type=\"hidden\" name=\"_wpcf7_recaptcha_response\" value=\"\" \/>\n<\/fieldset>\n<p><span class=\"wpcf7-form-control-wrap\" data-name=\"d-name\"><input size=\"40\" maxlength=\"400\" class=\"wpcf7-form-control wpcf7-text wpcf7-validates-as-required\" aria-required=\"true\" aria-invalid=\"false\" placeholder=\"N\u00e9v *\" value=\"\" type=\"text\" name=\"d-name\" \/><\/span>\n<\/p>\n<p><span class=\"wpcf7-form-control-wrap\" data-name=\"d-email\"><input size=\"40\" maxlength=\"400\" class=\"wpcf7-form-control wpcf7-email wpcf7-validates-as-required wpcf7-text wpcf7-validates-as-email\" aria-required=\"true\" aria-invalid=\"false\" placeholder=\"E-mail c\u00edm *\" value=\"\" type=\"email\" name=\"d-email\" \/><\/span>\n<\/p>\n<p class=\"hidden-init\"><span class=\"wpcf7-form-control-wrap\" data-name=\"d-tel\"><input size=\"40\" maxlength=\"400\" class=\"wpcf7-form-control wpcf7-tel wpcf7-text wpcf7-validates-as-tel\" aria-invalid=\"false\" placeholder=\"Telefonsz\u00e1m\" value=\"\" type=\"tel\" name=\"d-tel\" \/><\/span>\n<\/p>\n<p><span class=\"wpcf7-form-control-wrap\" data-name=\"d-message\"><textarea cols=\"40\" rows=\"1\" maxlength=\"2000\" class=\"wpcf7-form-control wpcf7-textarea\" aria-invalid=\"false\" placeholder=\"\u00dczenet\" name=\"d-message\"><\/textarea><\/span>\n<\/p>\n<p class=\"hidden-init\">Melyik M\u00e1rka \u00e9rdekli?\n<span class=\"wpcf7-form-control-wrap\" data-name=\"d-brands\"><span class=\"wpcf7-form-control wpcf7-checkbox\"><span class=\"wpcf7-list-item first\"><input type=\"checkbox\" name=\"d-brands[]\" value=\"Genesis\" \/><span class=\"wpcf7-list-item-label\">Genesis<\/span><\/span><span class=\"wpcf7-list-item\"><input type=\"checkbox\" name=\"d-brands[]\" value=\"Osaka\" \/><span class=\"wpcf7-list-item-label\">Osaka<\/span><\/span><span class=\"wpcf7-list-item\"><input type=\"checkbox\" name=\"d-brands[]\" value=\"Ohco\" \/><span class=\"wpcf7-list-item-label\">Ohco<\/span><\/span><span class=\"wpcf7-list-item\"><input type=\"checkbox\" name=\"d-brands[]\" value=\"Inada\" \/><span class=\"wpcf7-list-item-label\">Inada<\/span><\/span><span class=\"wpcf7-list-item\"><input type=\"checkbox\" name=\"d-brands[]\" value=\"Panasonic\" \/><span class=\"wpcf7-list-item-label\">Panasonic<\/span><\/span><span class=\"wpcf7-list-item last\"><input type=\"checkbox\" name=\"d-brands[]\" value=\"Cozzia\" \/><span class=\"wpcf7-list-item-label\">Cozzia<\/span><\/span><\/span><\/span>\n<\/p>\n<p><span class=\"wpcf7-form-control-wrap\" data-name=\"d-terms\"><span class=\"wpcf7-form-control wpcf7-acceptance\"><span class=\"wpcf7-list-item\"><label><input type=\"checkbox\" name=\"d-terms\" value=\"1\" aria-invalid=\"false\" \/><span class=\"wpcf7-list-item-label\">Elfogadom az <a href=\"\/adatvedelmi-szabalyzat\" target=\"_blank\">Adatv\u00e9delmi Szab\u00e1lyzat<\/a>ot. *<\/span><\/label><\/span><\/span><\/span>\n<\/p>\n<p style=\"text-align: center\"><input class=\"wpcf7-form-control wpcf7-submit has-spinner avia-button\" type=\"submit\" value=\"K\u00fcld\u00e9s\" \/>\n<\/p><div class=\"wpcf7-response-output\" aria-hidden=\"true\"><\/div>\n<\/form>\n<\/div>\n\n<\/div><\/section><\/p><\/div>\n<style type=\"text\/css\" data-created_by=\"avia_inline_auto\" id=\"style-css-av-20vv3-2-81145ea8a061f92b16646a425ca7aed5\">\n.flex_column.av-20vv3-2-81145ea8a061f92b16646a425ca7aed5{\nborder-radius:0px 0px 0px 0px;\npadding:0px 0px 0px 0px;\n}\n<\/style>\n<div  class='flex_column av-20vv3-2-81145ea8a061f92b16646a425ca7aed5 av_one_half  avia-builder-el-5  el_after_av_one_half  avia-builder-el-last  flex_column_div av-zero-column-padding  '     ><section  class='av_textblock_section av-k379vw9r-1-6b9ebea9853e2bf4c03b9b87fdcb8195 '   itemscope=\"itemscope\" itemtype=\"https:\/\/schema.org\/CreativeWork\" ><div class='avia_textblock'  itemprop=\"text\" ><p class=\"highlight\" style=\"text-align: left;\">A massz\u00e1zsfotelek kipr\u00f3b\u00e1l\u00e1s\u00e1hoz, megtekint\u00e9s\u00e9hez el\u0151zetes id\u0151pont-egyeztet\u00e9s sz\u00fcks\u00e9ges!<\/p>\n<h6>Fontos sz\u00e1munkra, hogy \u00d6n a csakis legjobbat kapja t\u0151l\u00fcnk! Felh\u00edvjuk a figyelm\u00e9t, hogy weboldalunk nem webshopk\u00e9nt funkcion\u00e1l, online v\u00e1s\u00e1rl\u00e1sra nem alkalmas, hanem arra szolg\u00e1l, hogy bemutassa term\u00e9keinket, \u00e9s arra b\u00e1tor\u00edtsa \u00d6nt, hogy j\u00f6jj\u00f6n el hozz\u00e1nk, \u00e9s pr\u00f3b\u00e1lja ki szem\u00e9lyesen massz\u00e1zsfoteleinket bemutat\u00f3term\u00fcnkben. A szem\u00e9lyes tesztel\u00e9s elengedhetetlen ahhoz, hogy k\u00f6z\u00f6sen tal\u00e1ljuk meg az \u00d6n sz\u00e1m\u00e1ra legk\u00e9nyelmesebb \u00e9s legmegfelel\u0151bb modellt. C\u00e9g\u00fcnkn\u00e9l ez\u00e9rt kiz\u00e1r\u00f3lag szem\u00e9lyes megrendel\u00e9sre van lehet\u0151s\u00e9g a helysz\u00ednen, tesztel\u00e9s ut\u00e1n, mert hissz\u00fck, hogy a szem\u00e9lyes kipr\u00f3b\u00e1l\u00e1s az \u00d6n \u00e9rdek\u00e9ben t\u00f6rt\u00e9nik \u2013 \u00edgy biztos lehet benne, hogy pontosan azt kapja, amit szeretne!<\/h6>\n<p><strong>Keressen benn\u00fcnket szem\u00e9lyes id\u0151pont\u00e9rt:<br \/>\nTelefon<\/strong> <a href=\"tel:\">+36 3<span>0 428 6505<\/span><\/a><br \/>\n<strong>E-mail<\/strong> info@masszazsfotel.hu<\/p>\n<h3>BEMUTAT\u00d3TERM\u00dcNK C\u00cdME<\/h3>\n<p><a href=\"https:\/\/goo.gl\/maps\/WHu4ZDYSTQzYJWg97\" target=\"_blank\" rel=\"noopener\">1024 Budapest, Sz\u00e9ll K\u00e1lm\u00e1n t\u00e9r 3.<\/a><\/p>\n<p><strong>NYITVATART\u00c1S:<\/strong><\/p>\n<p><strong>h\u00e9tk\u00f6znap<\/strong> 10:00-18:00<br \/>\n<strong>szombat:<\/strong> 10:00-16:00<br \/>\n<strong>vas\u00e1rnap:<\/strong> z\u00e1rva<\/p>\n<\/div><\/section><\/div>\n","protected":false},"excerpt":{"rendered":"","protected":false},"author":1,"featured_media":0,"parent":0,"menu_order":0,"comment_status":"closed","ping_status":"closed","template":"","meta":{"footnotes":""},"class_list":["post-859","page","type-page","status-publish","hentry"],"yoast_head":"<!-- This site is optimized with the Yoast SEO plugin v26.5 - https:\/\/yoast.com\/wordpress\/plugins\/seo\/ -->\n<title>Contact us - Premium Massage Chairs - Showroom - masszazsfotel.hu<\/title>\n<meta name=\"description\" content=\"Get to know our premium massage chairs and order the best for your needs. Do you want to try them as well? Contact us and visit our showroom in Budapest!\" \/>\n<meta name=\"robots\" content=\"index, follow, max-snippet:-1, max-image-preview:large, max-video-preview:-1\" \/>\n<link rel=\"canonical\" href=\"https:\/\/masszazsfotel.hu\/en\/contact-us\/\" \/>\n<meta property=\"og:locale\" content=\"en_US\" \/>\n<meta property=\"og:type\" content=\"article\" \/>\n<meta property=\"og:title\" content=\"Contact us - Premium Massage Chairs - Showroom - masszazsfotel.hu\" \/>\n<meta property=\"og:description\" content=\"Get to know our premium massage chairs and order the best for your needs. Do you want to try them as well? Contact us and visit our showroom in Budapest!\" \/>\n<meta property=\"og:url\" content=\"https:\/\/masszazsfotel.hu\/en\/contact-us\/\" \/>\n<meta property=\"og:site_name\" content=\"Massz\u00e1zsfotel\" \/>\n<meta property=\"article:modified_time\" content=\"2026-04-29T19:54:12+00:00\" \/>\n<meta property=\"og:image\" content=\"https:\/\/masszazsfotel.hu\/wp-content\/uploads\/2020\/04\/contact_us.jpg\" \/>\n\t<meta property=\"og:image:width\" content=\"1200\" \/>\n\t<meta property=\"og:image:height\" content=\"630\" \/>\n\t<meta property=\"og:image:type\" content=\"image\/jpeg\" \/>\n<meta name=\"twitter:card\" content=\"summary_large_image\" \/>\n<meta name=\"twitter:label1\" content=\"Est. reading time\" \/>\n\t<meta name=\"twitter:data1\" content=\"6 minutes\" \/>\n<script type=\"application\/ld+json\" class=\"yoast-schema-graph\">{\"@context\":\"https:\/\/schema.org\",\"@graph\":[{\"@type\":\"WebPage\",\"@id\":\"https:\/\/masszazsfotel.hu\/en\/contact-us\/\",\"url\":\"https:\/\/masszazsfotel.hu\/en\/contact-us\/\",\"name\":\"Contact us - Premium Massage Chairs - Showroom - masszazsfotel.hu\",\"isPartOf\":{\"@id\":\"https:\/\/masszazsfotel.hu\/#website\"},\"datePublished\":\"2019-11-21T17:08:19+00:00\",\"dateModified\":\"2026-04-29T19:54:12+00:00\",\"description\":\"Get to know our premium massage chairs and order the best for your needs. Do you want to try them as well? Contact us and visit our showroom in Budapest!\",\"breadcrumb\":{\"@id\":\"https:\/\/masszazsfotel.hu\/en\/contact-us\/#breadcrumb\"},\"inLanguage\":\"en-US\",\"potentialAction\":[{\"@type\":\"ReadAction\",\"target\":[\"https:\/\/masszazsfotel.hu\/en\/contact-us\/\"]}]},{\"@type\":\"BreadcrumbList\",\"@id\":\"https:\/\/masszazsfotel.hu\/en\/contact-us\/#breadcrumb\",\"itemListElement\":[{\"@type\":\"ListItem\",\"position\":1,\"name\":\"Home\",\"item\":\"https:\/\/masszazsfotel.hu\/\"},{\"@type\":\"ListItem\",\"position\":2,\"name\":\"Contact us\"}]},{\"@type\":\"WebSite\",\"@id\":\"https:\/\/masszazsfotel.hu\/#website\",\"url\":\"https:\/\/masszazsfotel.hu\/\",\"name\":\"Massz\u00e1zsfotel\",\"description\":\"...egy \u00fajabb WordPress honlap...\",\"potentialAction\":[{\"@type\":\"SearchAction\",\"target\":{\"@type\":\"EntryPoint\",\"urlTemplate\":\"https:\/\/masszazsfotel.hu\/?s={search_term_string}\"},\"query-input\":{\"@type\":\"PropertyValueSpecification\",\"valueRequired\":true,\"valueName\":\"search_term_string\"}}],\"inLanguage\":\"en-US\"}]}<\/script>\n<!-- \/ Yoast SEO plugin. -->","yoast_head_json":{"title":"Contact us - Premium Massage Chairs - Showroom - masszazsfotel.hu","description":"Get to know our premium massage chairs and order the best for your needs. Do you want to try them as well? Contact us and visit our showroom in Budapest!","robots":{"index":"index","follow":"follow","max-snippet":"max-snippet:-1","max-image-preview":"max-image-preview:large","max-video-preview":"max-video-preview:-1"},"canonical":"https:\/\/masszazsfotel.hu\/en\/contact-us\/","og_locale":"en_US","og_type":"article","og_title":"Contact us - Premium Massage Chairs - Showroom - masszazsfotel.hu","og_description":"Get to know our premium massage chairs and order the best for your needs. Do you want to try them as well? Contact us and visit our showroom in Budapest!","og_url":"https:\/\/masszazsfotel.hu\/en\/contact-us\/","og_site_name":"Massz\u00e1zsfotel","article_modified_time":"2026-04-29T19:54:12+00:00","og_image":[{"width":1200,"height":630,"url":"https:\/\/masszazsfotel.hu\/wp-content\/uploads\/2020\/04\/contact_us.jpg","type":"image\/jpeg"}],"twitter_card":"summary_large_image","twitter_misc":{"Est. reading time":"6 minutes"},"schema":{"@context":"https:\/\/schema.org","@graph":[{"@type":"WebPage","@id":"https:\/\/masszazsfotel.hu\/en\/contact-us\/","url":"https:\/\/masszazsfotel.hu\/en\/contact-us\/","name":"Contact us - Premium Massage Chairs - Showroom - masszazsfotel.hu","isPartOf":{"@id":"https:\/\/masszazsfotel.hu\/#website"},"datePublished":"2019-11-21T17:08:19+00:00","dateModified":"2026-04-29T19:54:12+00:00","description":"Get to know our premium massage chairs and order the best for your needs. Do you want to try them as well? Contact us and visit our showroom in Budapest!","breadcrumb":{"@id":"https:\/\/masszazsfotel.hu\/en\/contact-us\/#breadcrumb"},"inLanguage":"en-US","potentialAction":[{"@type":"ReadAction","target":["https:\/\/masszazsfotel.hu\/en\/contact-us\/"]}]},{"@type":"BreadcrumbList","@id":"https:\/\/masszazsfotel.hu\/en\/contact-us\/#breadcrumb","itemListElement":[{"@type":"ListItem","position":1,"name":"Home","item":"https:\/\/masszazsfotel.hu\/"},{"@type":"ListItem","position":2,"name":"Contact us"}]},{"@type":"WebSite","@id":"https:\/\/masszazsfotel.hu\/#website","url":"https:\/\/masszazsfotel.hu\/","name":"Massz\u00e1zsfotel","description":"...egy \u00fajabb WordPress honlap...","potentialAction":[{"@type":"SearchAction","target":{"@type":"EntryPoint","urlTemplate":"https:\/\/masszazsfotel.hu\/?s={search_term_string}"},"query-input":{"@type":"PropertyValueSpecification","valueRequired":true,"valueName":"search_term_string"}}],"inLanguage":"en-US"}]}},"_links":{"self":[{"href":"https:\/\/masszazsfotel.hu\/en\/wp-json\/wp\/v2\/pages\/859","targetHints":{"allow":["GET"]}}],"collection":[{"href":"https:\/\/masszazsfotel.hu\/en\/wp-json\/wp\/v2\/pages"}],"about":[{"href":"https:\/\/masszazsfotel.hu\/en\/wp-json\/wp\/v2\/types\/page"}],"author":[{"embeddable":true,"href":"https:\/\/masszazsfotel.hu\/en\/wp-json\/wp\/v2\/users\/1"}],"replies":[{"embeddable":true,"href":"https:\/\/masszazsfotel.hu\/en\/wp-json\/wp\/v2\/comments?post=859"}],"version-history":[{"count":14,"href":"https:\/\/masszazsfotel.hu\/en\/wp-json\/wp\/v2\/pages\/859\/revisions"}],"predecessor-version":[{"id":6234,"href":"https:\/\/masszazsfotel.hu\/en\/wp-json\/wp\/v2\/pages\/859\/revisions\/6234"}],"wp:attachment":[{"href":"https:\/\/masszazsfotel.hu\/en\/wp-json\/wp\/v2\/media?parent=859"}],"curies":[{"name":"wp","href":"https:\/\/api.w.org\/{rel}","templated":true}]}}